{"id":425,"date":"2022-03-15T17:10:49","date_gmt":"2022-03-15T20:10:49","guid":{"rendered":"https:\/\/redeargonautas.com.br\/?page_id=425"},"modified":"2023-03-02T14:57:04","modified_gmt":"2023-03-02T17:57:04","slug":"anderson-tibau","status":"publish","type":"page","link":"https:\/\/redeargonautas.com.br\/index.php\/pesquisadores\/anderson-tibau\/","title":{"rendered":"Anderson Tibau"},"content":{"rendered":"\n<div class=\"wp-block-columns is-layout-flex wp-container-core-columns-is-layout-9d6595d7 wp-block-columns-is-layout-flex\">\n<div class=\"wp-block-column is-vertically-aligned-top is-layout-flow wp-block-column-is-layout-flow\">\n<div class=\"wp-block-media-text alignfull is-stacked-on-mobile is-vertically-aligned-top\" style=\"grid-template-columns:25% auto\"><figure class=\"wp-block-media-text__media\"><img loading=\"lazy\" decoding=\"async\" width=\"871\" height=\"901\" src=\"https:\/\/redeargonautas.com.br\/wp-content\/uploads\/2022\/03\/Anderson.png\" alt=\"Professor Doutor Anderson Tibau\" class=\"wp-image-227 size-full\" srcset=\"https:\/\/redeargonautas.com.br\/wp-content\/uploads\/2022\/03\/Anderson.png 871w, https:\/\/redeargonautas.com.br\/wp-content\/uploads\/2022\/03\/Anderson-290x300.png 290w, https:\/\/redeargonautas.com.br\/wp-content\/uploads\/2022\/03\/Anderson-768x794.png 768w\" sizes=\"auto, (max-width: 871px) 100vw, 871px\" \/><\/figure><div class=\"wp-block-media-text__content\">\n<p class=\"has-drop-cap has-normal-font-size\">Sou um Tibau e a musicalidade deste nome ind\u00edgena revela minha origem cai\u00e7ara. Venho de uma fam\u00edlia de pescadores que se instalou no litoral do estado do Rio de Janeiro, especificamente entre a lagoa e a praia de Piratininga, em Niter\u00f3i. Sou do mar, das mar\u00e9s, das \u00e1guas derramadas, das cachoeiras, dos lagos de espelhos, das chuvas e temporais. Filho do ver\u00e3o e nascido em 29 de janeiro de 1971, sob o signo de aqu\u00e1rio. Devoto de Santa B\u00e1rbara, sou de Ians\u00e3 e flamenguista, adepto da psican\u00e1lise como pr\u00e1tica terap\u00eautica e exerc\u00edcio intelectual. Desde pequeno tenho um gosto pelo invis\u00edvel, por aquilo que est\u00e1 inexpl\u00edcito nos cantos e quebradas. Gosto da observa\u00e7\u00e3o, do olhar, do ouvir e do escrever. O interesse pelo \u201coutro\u201d, pela diferen\u00e7a, me aproximou da antropologia. Sou fruto da escola p\u00fablica e a arte sempre foi meu mundo. Fiz teatro, fotografia, dan\u00e7a e artes visuais; hoje sou artista pl\u00e1stico, ilustrador e pai, al\u00e9m da minha atividade acad\u00eamica. Por forma\u00e7\u00e3o, pedagogo, mestre em educa\u00e7\u00e3o brasileira e doutor em ci\u00eancias humanas. Fui professor da educa\u00e7\u00e3o infantil, ensino fundamental, m\u00e9dio e superior em institui\u00e7\u00f5es p\u00fablicas e privadas. Atualmente, como professor associado da Universidade Federal Fluminense, trabalho com as disciplinas \u201cantropologia e educa\u00e7\u00e3o\u201d e \u201ccorpo, movimento e educa\u00e7\u00e3o\u201d no curso de licenciatura em pedagogia no Instituto de Educa\u00e7\u00e3o de Angra dos Reis. Lidero, junto com a professora Sandra Pereira Tosta, a Argonautas \u2013 Rede de Pesquisa em Antropologia e Educa\u00e7\u00e3o inscrita no Diret\u00f3rio dos Grupos de Pesquisa no Brasil \u2013 LATTES\/CNPq. Na minha experi\u00eancia em pesquisa fiz parte da C\u00e1tedra Unesco de Leitura PUC-Rio, do Grupo de Estudos Antropol\u00f3gicos da Leitura e da Escrita (GEALE) e do Centro Regional para o Fomento do Livro na Am\u00e9rica Latina e o Caribe (CERLALC). Fui coordenador de equipe e assistente de pesquisa do antrop\u00f3logo Roberto DaMatta e fiz parte do grupo de pesquisa coordenado por Jes\u00fas Mart\u00edn-Barbero em um projeto sobre leitura e desenvolvimento social na sociedade da informa\u00e7\u00e3o. Sou pesquisador regularmente matriculado no Programa de P\u00f3s-Gradua\u00e7\u00e3o em Ci\u00eancias Sociais da Universidade Federal de S\u00e3o Paulo em n\u00edvel de P\u00f3s-doutorado, onde ser\u00e1 desenvolvido projeto \u201cEntre as representa\u00e7\u00f5es sociais da diversidade sexual e de g\u00eanero e a forma\u00e7\u00e3o de opini\u00e3o de crian\u00e7as e jovens. O ponto de vista das autoras e dos autores de literatura infantil e juvenil\u201d<em>. <\/em>Como as \u00e1guas sempre foram meu \u201cbioma afetivo\u201d, numa esp\u00e9cie de eterno retorno, integro a tripula\u00e7\u00e3o desta Rede Argonautas e me lan\u00e7o na aventura do conhecimento pelos&nbsp; mares vastos da Antropologia e Educa\u00e7\u00e3o.<\/p>\n<\/div><\/div>\n<\/div>\n<\/div>\n\n\n\n<h6 class=\"wp-block-heading\">Saiba mais sobre o Anderson:<\/h6>\n\n\n\n<p class=\"has-normal-font-size\"><strong>Lattes<\/strong>: <a href=\"http:\/\/lattes.cnpq.br\/0843013539248482\" target=\"_blank\" rel=\"noreferrer noopener\">http:\/\/lattes.cnpq.br\/0843013539248482<\/a><\/p>\n\n\n\n<p><strong>Orcid<\/strong>: <a href=\"https:\/\/orcid.org\/0000-0002-0418-8181\" target=\"_blank\" rel=\"noreferrer noopener\" title=\"https:\/\/orcid.org\/0000-0002-0418-8181\">https:\/\/orcid.org\/0000-0002-0418-8181<\/a><\/p>\n\n\n\n<p><strong>UFF<\/strong>: <a href=\"http:\/\/pesquisadores.uff.br\/researcher\/anderson-xavier-tibau-gon\u00e7alves\" target=\"_blank\" rel=\"noreferrer noopener\">http:\/\/pesquisadores.uff.br\/researcher\/anderson-xavier-tibau-gon\u00e7alves<\/a><\/p>\n\n\n\n<p class=\"has-normal-font-size\"><strong><a href=\"http:\/\/dgp.cnpq.br\/dgp\/espelhogrupo\/748695\" target=\"_blank\" rel=\"noreferrer noopener\">Grupo de pesquisa Argonautas no CNPq<\/a><\/strong><\/p>\n\n\n\n<hr class=\"wp-block-separator has-css-opacity\"\/>\n\n\n\n<h6 class=\"wp-block-heading\"><strong>Publica\u00e7\u00f5es<\/strong><\/h6>\n\n\n\n<p class=\"has-small-font-size\"><a href=\"https:\/\/periodicos.furg.br\/reis\/issue\/view\/856\/42\">Revista Eletr\u00f4nica Intera\u00e7\u00f5es Sociais &#8211; Tania Dauster: o campo da Antropologia e a Educa\u00e7\u00e3o no Brasil (2021)<\/a><\/p>\n\n\n\n<p class=\"has-small-font-size\"><a href=\"https:\/\/www.seer.ufal.br\/index.php\/debateseducacao\/article\/view\/6136\" target=\"_blank\" rel=\"noreferrer noopener\">Antropologia e educa\u00e7\u00e3o: interdisciplinaridade e aspectos do ensino, leitura e trabalho de campo (2019)<\/a><\/p>\n\n\n\n<p class=\"has-small-font-size\"><a href=\"http:\/\/www.29rba.abant.org.br\/resources\/anais\/1\/1402002768_ARQUIVO_Desafiosdaconstrucaodeumaetnografiaemeducacao_questoesdainterdisciplinaridade.pdf\" target=\"_blank\" rel=\"noreferrer noopener\">Desafios da constru\u00e7\u00e3o de uma etnografia em educa\u00e7\u00e3o: quest\u00f5es da interdisciplinaridade (2014)<\/a><\/p>\n\n\n\n<p class=\"has-small-font-size\"><a href=\"https:\/\/www.maxwell.vrac.puc-rio.br\/colecao.php?strSecao=resultado&amp;nrSeq=19371@1\" target=\"_blank\" rel=\"noreferrer noopener\">Marcel Mauss e Roger Chartier: as t\u00e9cnicas do corpo e o leitor entre limita\u00e7\u00f5es e liberdade (2012)<\/a><\/p>\n\n\n\n<p class=\"has-small-font-size\"><a href=\"https:\/\/www.yumpu.com\/es\/document\/read\/44034696\/anexo-informes-def-cerlalc\" target=\"_blank\" rel=\"noreferrer noopener\">Proyecto lectura, escritura y desarrollo en la sociedad de la informaci\u00f3n (2011) \u2013 Anexo Informes Def. \u2013 Cerlalc<\/a><\/p>\n\n\n\n<p class=\"has-small-font-size\"><a href=\"https:\/\/roderic.uv.es\/handle\/10550\/76087\" target=\"_blank\" rel=\"noreferrer noopener\">Proyecto lectura, escritura y desarrollo en la sociedad de la informaci\u00f3n (2011)<\/a><\/p>\n\n\n\n<p class=\"has-small-font-size\"><a href=\"http:\/\/macoca.org\/IMG\/pdf\/Informe_Final_Lecura_Desarrollo.pdf\" target=\"_blank\" rel=\"noreferrer noopener\">Proyecto lectura, escritura y desarrollo en la sociedad de la informaci\u00f3n (2011) \u2013 Informe_Final_Lecura_Desarrollo.pdf<\/a><\/p>\n\n\n\n<p class=\"has-small-font-size\"><a href=\"http:\/\/seer.pucgoias.edu.br\/index.php\/educativa\/article\/view\/907\" target=\"_blank\" rel=\"noreferrer noopener\">Mulheres e cultura letrada na universidade (2009)<\/a><\/p>\n\n\n\n<p class=\"has-small-font-size\"><a href=\"https:\/\/unesdoc.unesco.org\/ark:\/48223\/pf0000158603\" target=\"_blank\" rel=\"noreferrer noopener\">Atos de leitura (2008)<\/a><\/p>\n\n\n\n<p class=\"has-small-font-size\"><a href=\"http:\/\/seer.ines.gov.br\/index.php\/revista-espaco\/article\/view\/773\" target=\"_blank\" rel=\"noreferrer noopener\">A Descoberta de si: pr\u00e1ticas de leitura e escrita de universit\u00e1rias na sociedade da informa\u00e7\u00e3o (2008)<\/a><\/p>\n\n\n\n<p class=\"has-small-font-size\"><a href=\"http:\/\/www.lamparina.com.br\/autor_detalhe.asp?idautor=Anderson%20Tibau\" target=\"_blank\" rel=\"noreferrer noopener\">Editora Lamparina<\/a><\/p>\n\n\n\n<p class=\"has-small-font-size\">TIBAU, Anderson; DAUSTER, T.. Fotografia, antropologia e educa\u00e7\u00e3o: pr\u00e1ticas corporais e sociabilidades das mulheres vermelhas do deserto da Nam\u00edbia. In: Luciana Requi\u00e3o; Silmara Marton. (Org.). Pedagogia e forma\u00e7\u00e3o de professores: olhares, reflex\u00f5es e experi\u00eancias em foco. 1ed.Jundia\u00ed: Paco Editorial, 2019, v. , p. 129-143.<\/p>\n\n\n\n<p class=\"has-small-font-size\">TIBAU, Anderson; DAUSTER, T.. Pr\u00e1ticas e representa\u00e7\u00f5es do corpo entre mulheres himba. In: Joana de Vilhena Nobvaes; Junia de Vilhena. (Org.). O corpo que nos possui &#8211; corporeidade e suas conex\u00f5es. 1ed.Curitiba: Appris Editora, 2018, v. , p. 15-32.<\/p>\n\n\n\n<p class=\"has-small-font-size\">TIBAU, Anderson. Pelos mares da ba\u00eda da Ilha Grande. In: Tania Dauster; Sandra Pereira Tosta; Gilmar Rocha; Anderson Tibau. (Org.). Etnografia e educa\u00e7\u00e3o &#8211; culturas escolares, forma\u00e7\u00e3o e sociabilidades infantis e juvenis. Rio de Janeiro: Lamparina, 2012, v. , p. 146-169.<\/p>\n\n\n\n<p class=\"has-small-font-size\">TIBAU, Anderson. Territ\u00f3rios de exist\u00eancia material e usos do corpo: sobre juventude, consumo e apar\u00eancia na Ba\u00eda da Ilha Grande. In: Junia de Vilhena; Joana de Vilhena Novaes. (Org.). Corpo para que te quero? Usos, abusos e desusos. 1\u00aaed.Rio de Janeiro; Curitiba: Editora PUC Rio; Editora Appris, 2012, v., p. 53-67.<\/p>\n\n\n\n<p class=\"has-small-font-size\">DAUSTER, T.; TIBAU, Anderson; FERREIRA, Lucelena. A descoberta de si: representa\u00e7\u00f5es e pr\u00e1ticas de leitura e escrita de universit\u00e1rias. In: Tania Dauster; Lucelena Ferreira. (Org.). Por que ler?. Rio de Janeiro: Lamparina, 2010, v. , p. 217-246.<\/p>\n\n\n\n<p class=\"has-small-font-size\">DAUSTER, T.; TIBAU, Anderson; AMARAL, D.; GUIMARAES, M. ; MENDES, S.. O mundo acad\u00eamico: a aula, a diversidade sociocultural e o ethos leitor. In: Tania Dauster. (Org.). Antropologia e Educa\u00e7\u00e3o &#8211; Um saber de fronteiras. 1ed.Rio de Janeiro: Forma &amp; Acao, 2007, v. , p. 37-58.<\/p>\n\n\n\n<p class=\"has-small-font-size\">TIBAU, Anderson. Acerca da socializa\u00e7\u00e3o e da sociabilidade no grafite. In: Tania Dauster. (Org.). Antropoloia e Educacao &#8211; Um saber de fronteiras. 1ed.Rio de Janeiro: Forma &amp; Acao, 2007, v. , p. 87-111.<\/p>\n\n\n\n<h6 class=\"wp-block-heading\"><strong>Livros<\/strong><\/h6>\n\n\n<style type=\"text\/css\">\n#foogallery-gallery-691 .fg-image { width: 140px; }\n#foogallery-gallery-691 { --fg-gutter: 10px; }<\/style>\n\t\t\t<div class=\"foogallery foogallery-container foogallery-default foogallery-lightbox-none fg-center fg-m-col2 fg-default fg-ready fg-light fg-border-thin fg-shadow-outline fg-loading-trail fg-loaded-fade-in fg-caption-hover fg-hover-fade fg-hover-zoom\" id=\"foogallery-gallery-691\" data-foogallery=\"{&quot;item&quot;:{&quot;showCaptionTitle&quot;:true,&quot;showCaptionDescription&quot;:true},&quot;lazy&quot;:true}\" style=\"--fg-title-line-clamp: 0; --fg-description-line-clamp: 0;\" >\n\t<div class=\"fg-item fg-type-iframe fg-idle\"><figure class=\"fg-item-inner\"><a href=\"http:\/\/www.lamparina.com.br\/livro_detalhe.asp?idCodLivro=327\" target=\"_blank\" data-caption-title=\"Por que ler?\" data-caption-desc=\"Por que ler?\" data-attachment-id=\"698\" data-type=\"iframe\" class=\"fg-thumb\"><span class=\"fg-image-wrap\"><img decoding=\"async\" alt=\"Por que ler?\" title=\"Por que ler?\" width=\"140\" height=\"210\" class=\"skip-lazy fg-image\" data-src-fg=\"https:\/\/redeargonautas.com.br\/wp-content\/uploads\/cache\/2022\/03\/Por-que-ler\/1204637349.jpg\" src=\"data:image\/svg+xml,%3Csvg%20xmlns%3D%22http%3A%2F%2Fwww.w3.org%2F2000%2Fsvg%22%20width%3D%22140%22%20height%3D%22210%22%20viewBox%3D%220%200%20140%20210%22%3E%3C%2Fsvg%3E\" loading=\"eager\"><\/span><span class=\"fg-image-overlay\"><\/span><\/a><figcaption class=\"fg-caption\"><div class=\"fg-caption-inner\"><div class=\"fg-caption-title\">Por que ler?<\/div><div class=\"fg-caption-desc\">Por que ler?<\/div><\/div><\/figcaption><\/figure><div class=\"fg-loader\"><\/div><\/div><div class=\"fg-item fg-type-iframe fg-idle\"><figure class=\"fg-item-inner\"><a href=\"https:\/\/www.pacolivros.com.br\/pedagogia-e-formacao-de-professores-olhares-reflexoes-e-experiencias-em-foco\" target=\"_blank\" data-caption-title=\"Pedagogia e forma\u00e7\u00e3o de professores\" data-caption-desc=\"Pedagogia e forma\u00e7\u00e3o de professores\" data-attachment-id=\"697\" data-type=\"iframe\" class=\"fg-thumb\"><span class=\"fg-image-wrap\"><img decoding=\"async\" alt=\"Pedagogia e forma\u00e7\u00e3o de professores\" title=\"Pedagogia e forma\u00e7\u00e3o de professores\" width=\"140\" height=\"210\" class=\"skip-lazy fg-image\" data-src-fg=\"https:\/\/redeargonautas.com.br\/wp-content\/uploads\/cache\/2022\/03\/Pedagogia-e-formacao-de-professores\/3274113381.jpg\" src=\"data:image\/svg+xml,%3Csvg%20xmlns%3D%22http%3A%2F%2Fwww.w3.org%2F2000%2Fsvg%22%20width%3D%22140%22%20height%3D%22210%22%20viewBox%3D%220%200%20140%20210%22%3E%3C%2Fsvg%3E\" loading=\"eager\"><\/span><span class=\"fg-image-overlay\"><\/span><\/a><figcaption class=\"fg-caption\"><div class=\"fg-caption-inner\"><div class=\"fg-caption-title\">Pedagogia e forma\u00e7\u00e3o de professores<\/div><div class=\"fg-caption-desc\">Pedagogia e forma\u00e7\u00e3o de professores<\/div><\/div><\/figcaption><\/figure><div class=\"fg-loader\"><\/div><\/div><div class=\"fg-item fg-type-iframe fg-idle\"><figure class=\"fg-item-inner\"><a href=\"https:\/\/www.editoraappris.com.br\/produto\/2148-o-corpo-que-nos-possui-corporeidade-e-suas-conexes\" data-caption-title=\"O corpo que nos possui\" data-caption-desc=\"O corpo que nos possui\" data-attachment-id=\"696\" data-type=\"iframe\" class=\"fg-thumb\"><span class=\"fg-image-wrap\"><img decoding=\"async\" alt=\"O corpo que nos possui\" title=\"O corpo que nos possui\" width=\"140\" height=\"210\" class=\"skip-lazy fg-image\" data-src-fg=\"https:\/\/redeargonautas.com.br\/wp-content\/uploads\/cache\/2022\/03\/O-corpo-que-nos-possui-scaled\/842665654.jpg\" src=\"data:image\/svg+xml,%3Csvg%20xmlns%3D%22http%3A%2F%2Fwww.w3.org%2F2000%2Fsvg%22%20width%3D%22140%22%20height%3D%22210%22%20viewBox%3D%220%200%20140%20210%22%3E%3C%2Fsvg%3E\" loading=\"eager\"><\/span><span class=\"fg-image-overlay\"><\/span><\/a><figcaption class=\"fg-caption\"><div class=\"fg-caption-inner\"><div class=\"fg-caption-title\">O corpo que nos possui<\/div><div class=\"fg-caption-desc\">O corpo que nos possui<\/div><\/div><\/figcaption><\/figure><div class=\"fg-loader\"><\/div><\/div><div class=\"fg-item fg-type-iframe fg-idle\"><figure class=\"fg-item-inner\"><a href=\"https:\/\/unesdoc.unesco.org\/ark:\/48223\/pf0000158603\" target=\"_blank\" data-caption-title=\"Atos de leitura\" data-caption-desc=\"Atos de leitura\" data-attachment-id=\"695\" data-type=\"iframe\" class=\"fg-thumb\"><span class=\"fg-image-wrap\"><img decoding=\"async\" alt=\"Atos de leitura\" title=\"Atos de leitura\" width=\"140\" height=\"210\" class=\"skip-lazy fg-image\" data-src-fg=\"https:\/\/redeargonautas.com.br\/wp-content\/uploads\/cache\/2022\/03\/image\/2494215426.png\" src=\"data:image\/svg+xml,%3Csvg%20xmlns%3D%22http%3A%2F%2Fwww.w3.org%2F2000%2Fsvg%22%20width%3D%22140%22%20height%3D%22210%22%20viewBox%3D%220%200%20140%20210%22%3E%3C%2Fsvg%3E\" loading=\"eager\"><\/span><span class=\"fg-image-overlay\"><\/span><\/a><figcaption class=\"fg-caption\"><div class=\"fg-caption-inner\"><div class=\"fg-caption-title\">Atos de leitura<\/div><div class=\"fg-caption-desc\">Atos de leitura<\/div><\/div><\/figcaption><\/figure><div class=\"fg-loader\"><\/div><\/div><div class=\"fg-item fg-type-iframe fg-idle\"><figure class=\"fg-item-inner\"><a href=\"http:\/\/www.editora.puc-rio.br\/cgi\/cgilua.exe\/sys\/start.htm?infoid=245&amp;sid=2\" target=\"_blank\" data-caption-title=\"Corpo para que te quero?\" data-caption-desc=\"Corpo para que te quero?\" data-attachment-id=\"694\" data-type=\"iframe\" class=\"fg-thumb\"><span class=\"fg-image-wrap\"><img decoding=\"async\" alt=\"Corpo para que te quero?\" title=\"Corpo para que te quero?\" width=\"140\" height=\"210\" class=\"skip-lazy fg-image\" data-src-fg=\"https:\/\/redeargonautas.com.br\/wp-content\/uploads\/cache\/2022\/03\/Corpo-para-que-te-quero\/3717216333.jpg\" src=\"data:image\/svg+xml,%3Csvg%20xmlns%3D%22http%3A%2F%2Fwww.w3.org%2F2000%2Fsvg%22%20width%3D%22140%22%20height%3D%22210%22%20viewBox%3D%220%200%20140%20210%22%3E%3C%2Fsvg%3E\" loading=\"eager\"><\/span><span class=\"fg-image-overlay\"><\/span><\/a><figcaption class=\"fg-caption\"><div class=\"fg-caption-inner\"><div class=\"fg-caption-title\">Corpo para que te quero?<\/div><div class=\"fg-caption-desc\">Corpo para que te quero?<\/div><\/div><\/figcaption><\/figure><div class=\"fg-loader\"><\/div><\/div><div class=\"fg-item fg-type-iframe fg-idle\"><figure class=\"fg-item-inner\"><a href=\"https:\/\/www.brincandoecontando.com\/single-post\/2020\/04\/17\/bela-e-o-bal\u00e9\" data-caption-title=\"Bela e o bal\u00e9\" data-caption-desc=\"Bela e o bal\u00e9\" data-attachment-id=\"693\" data-type=\"iframe\" class=\"fg-thumb\"><span class=\"fg-image-wrap\"><img decoding=\"async\" alt=\"Bela e o bal\u00e9\" title=\"Bela e o bal\u00e9\" width=\"140\" height=\"210\" class=\"skip-lazy fg-image\" data-src-fg=\"https:\/\/redeargonautas.com.br\/wp-content\/uploads\/cache\/2022\/03\/Bela-e-o-bale\/3386990369.jpg\" src=\"data:image\/svg+xml,%3Csvg%20xmlns%3D%22http%3A%2F%2Fwww.w3.org%2F2000%2Fsvg%22%20width%3D%22140%22%20height%3D%22210%22%20viewBox%3D%220%200%20140%20210%22%3E%3C%2Fsvg%3E\" loading=\"eager\"><\/span><span class=\"fg-image-overlay\"><\/span><\/a><figcaption class=\"fg-caption\"><div class=\"fg-caption-inner\"><div class=\"fg-caption-title\">Bela e o bal\u00e9<\/div><div class=\"fg-caption-desc\">Bela e o bal\u00e9<\/div><\/div><\/figcaption><\/figure><div class=\"fg-loader\"><\/div><\/div><div class=\"fg-item fg-type-iframe fg-idle\"><figure class=\"fg-item-inner\"><a href=\"https:\/\/mauad.com.br\/antropologia-e-educacao\" data-caption-title=\"Antropologia e Educa\u00e7\u00e3o\" data-caption-desc=\"Antropologia e Educa\u00e7\u00e3o\" data-attachment-id=\"692\" data-type=\"iframe\" class=\"fg-thumb\"><span class=\"fg-image-wrap\"><img decoding=\"async\" alt=\"Antropologia e Educa\u00e7\u00e3o\" title=\"Antropologia e Educa\u00e7\u00e3o\" width=\"140\" height=\"210\" class=\"skip-lazy fg-image\" data-src-fg=\"https:\/\/redeargonautas.com.br\/wp-content\/uploads\/cache\/2022\/03\/Antropologia-e-Educacao-1\/4176939412.jpg\" src=\"data:image\/svg+xml,%3Csvg%20xmlns%3D%22http%3A%2F%2Fwww.w3.org%2F2000%2Fsvg%22%20width%3D%22140%22%20height%3D%22210%22%20viewBox%3D%220%200%20140%20210%22%3E%3C%2Fsvg%3E\" loading=\"eager\"><\/span><span class=\"fg-image-overlay\"><\/span><\/a><figcaption class=\"fg-caption\"><div class=\"fg-caption-inner\"><div class=\"fg-caption-title\">Antropologia e Educa\u00e7\u00e3o<\/div><div class=\"fg-caption-desc\">Antropologia e Educa\u00e7\u00e3o<\/div><\/div><\/figcaption><\/figure><div class=\"fg-loader\"><\/div><\/div><\/div>\n\n\n\n<hr class=\"wp-block-separator has-css-opacity\"\/>\n\n\n\n<h4 class=\"wp-block-heading\"><a href=\"https:\/\/redeargonautas.com.br\/index.php\/pesquisadores\/\"><\/a><a href=\"https:\/\/redeargonautas.com.br\/index.php\/pesquisadores\/\">Outros argonautas da rede<\/a><\/h4>\n\n\n\n<p><\/p>\n","protected":false},"excerpt":{"rendered":"<p>Sou um Tibau e a musicalidade deste nome ind\u00edgena revela minha origem cai\u00e7ara. Venho de uma fam\u00edlia de pescadores que se instalou no litoral do estado do Rio de Janeiro, [&hellip;]<\/p>\n","protected":false},"author":2,"featured_media":0,"parent":46,"menu_order":6,"comment_status":"closed","ping_status":"closed","template":"templates\/template-full-width.php","meta":{"om_disable_all_campaigns":false,"_monsterinsights_skip_tracking":false,"_monsterinsights_sitenote_active":false,"_monsterinsights_sitenote_note":"","_monsterinsights_sitenote_category":0,"_EventAllDay":false,"_EventTimezone":"","_EventStartDate":"","_EventEndDate":"","_EventStartDateUTC":"","_EventEndDateUTC":"","_EventShowMap":false,"_EventShowMapLink":false,"_EventURL":"","_EventCost":"","_EventCostDescription":"","_EventCurrencySymbol":"","_EventCurrencyCode":"","_EventCurrencyPosition":"","_EventDateTimeSeparator":"","_EventTimeRangeSeparator":"","_EventOrganizerID":[],"_EventVenueID":[],"_OrganizerEmail":"","_OrganizerPhone":"","_OrganizerWebsite":"","_VenueAddress":"","_VenueCity":"","_VenueCountry":"","_VenueProvince":"","_VenueState":"","_VenueZip":"","_VenuePhone":"","_VenueURL":"","_VenueStateProvince":"","_VenueLat":"","_VenueLng":"","_VenueShowMap":false,"_VenueShowMapLink":false,"footnotes":""},"class_list":["post-425","page","type-page","status-publish","hentry"],"aioseo_notices":[],"_links":{"self":[{"href":"https:\/\/redeargonautas.com.br\/index.php\/wp-json\/wp\/v2\/pages\/425","targetHints":{"allow":["GET"]}}],"collection":[{"href":"https:\/\/redeargonautas.com.br\/index.php\/wp-json\/wp\/v2\/pages"}],"about":[{"href":"https:\/\/redeargonautas.com.br\/index.php\/wp-json\/wp\/v2\/types\/page"}],"author":[{"embeddable":true,"href":"https:\/\/redeargonautas.com.br\/index.php\/wp-json\/wp\/v2\/users\/2"}],"replies":[{"embeddable":true,"href":"https:\/\/redeargonautas.com.br\/index.php\/wp-json\/wp\/v2\/comments?post=425"}],"version-history":[{"count":23,"href":"https:\/\/redeargonautas.com.br\/index.php\/wp-json\/wp\/v2\/pages\/425\/revisions"}],"predecessor-version":[{"id":1138,"href":"https:\/\/redeargonautas.com.br\/index.php\/wp-json\/wp\/v2\/pages\/425\/revisions\/1138"}],"up":[{"embeddable":true,"href":"https:\/\/redeargonautas.com.br\/index.php\/wp-json\/wp\/v2\/pages\/46"}],"wp:attachment":[{"href":"https:\/\/redeargonautas.com.br\/index.php\/wp-json\/wp\/v2\/media?parent=425"}],"curies":[{"name":"wp","href":"https:\/\/api.w.org\/{rel}","templated":true}]}}