{"id":46,"date":"2021-11-04T14:44:13","date_gmt":"2021-11-04T17:44:13","guid":{"rendered":"https:\/\/redeargonautas.com.br\/?page_id=46"},"modified":"2026-02-01T13:42:10","modified_gmt":"2026-02-01T16:42:10","slug":"pesquisadores","status":"publish","type":"page","link":"https:\/\/redeargonautas.com.br\/index.php\/pesquisadores\/","title":{"rendered":"Argonautas"},"content":{"rendered":"\n<p><\/p>\n\n\n\n<div class=\"wp-block-columns is-layout-flex wp-container-core-columns-is-layout-9d6595d7 wp-block-columns-is-layout-flex\">\n<div class=\"wp-block-column is-layout-flow wp-block-column-is-layout-flow\"><div class=\"wp-block-image is-style-rounded\">\n<figure class=\"aligncenter size-large is-resized\"><a href=\"https:\/\/redeargonautas.com.br\/index.php\/pesquisadores\/carlos-brandao\/\"><img loading=\"lazy\" decoding=\"async\" width=\"1024\" height=\"1024\" src=\"https:\/\/redeargonautas.com.br\/wp-content\/uploads\/2023\/08\/Design-sem-nome-2-1-1024x1024.png\" alt=\"\" class=\"wp-image-1673\" style=\"aspect-ratio:1;object-fit:cover;width:220px\" srcset=\"https:\/\/redeargonautas.com.br\/wp-content\/uploads\/2023\/08\/Design-sem-nome-2-1-1024x1024.png 1024w, https:\/\/redeargonautas.com.br\/wp-content\/uploads\/2023\/08\/Design-sem-nome-2-1-300x300.png 300w, https:\/\/redeargonautas.com.br\/wp-content\/uploads\/2023\/08\/Design-sem-nome-2-1-150x150.png 150w, https:\/\/redeargonautas.com.br\/wp-content\/uploads\/2023\/08\/Design-sem-nome-2-1-768x768.png 768w, https:\/\/redeargonautas.com.br\/wp-content\/uploads\/2023\/08\/Design-sem-nome-2-1.png 1080w\" sizes=\"auto, (max-width: 1024px) 100vw, 1024px\" \/><\/a><figcaption class=\"wp-element-caption\">Carlos Rodrigues Brand\u00e3o <br>(in memoriam)<\/figcaption><\/figure>\n<\/div>\n\n\n<p><\/p>\n<\/div>\n\n\n\n<div class=\"wp-block-column is-layout-flow wp-block-column-is-layout-flow\"><div class=\"wp-block-image\">\n<figure class=\"aligncenter size-full is-resized\"><a href=\"https:\/\/redeargonautas.com.br\/index.php\/pesquisadores\/tania-dauster\/\"><img loading=\"lazy\" decoding=\"async\" width=\"871\" height=\"880\" src=\"https:\/\/redeargonautas.com.br\/wp-content\/uploads\/2022\/03\/Tania.png\" alt=\"Professora Doutora Tania Dauster\" class=\"wp-image-235\" style=\"aspect-ratio:1;object-fit:cover;width:218px;height:auto\" srcset=\"https:\/\/redeargonautas.com.br\/wp-content\/uploads\/2022\/03\/Tania.png 871w, https:\/\/redeargonautas.com.br\/wp-content\/uploads\/2022\/03\/Tania-297x300.png 297w, https:\/\/redeargonautas.com.br\/wp-content\/uploads\/2022\/03\/Tania-768x776.png 768w\" sizes=\"auto, (max-width: 871px) 100vw, 871px\" \/><\/a><figcaption class=\"wp-element-caption\">Tania Dauster                                (in memoriam)<\/figcaption><\/figure>\n<\/div>\n\n\n<p><\/p>\n\n\n\n<p><\/p>\n<\/div>\n<\/div>\n\n\n\n<div class=\"wp-block-columns is-layout-flex wp-container-core-columns-is-layout-9d6595d7 wp-block-columns-is-layout-flex\">\n<div class=\"wp-block-column is-layout-flow wp-block-column-is-layout-flow\"><div class=\"wp-block-image\">\n<figure class=\"aligncenter size-full is-resized\"><a href=\"https:\/\/redeargonautas.com.br\/index.php\/pesquisadores\/sandra-pereira-tosta\/\"><img loading=\"lazy\" decoding=\"async\" width=\"871\" height=\"891\" src=\"https:\/\/redeargonautas.com.br\/wp-content\/uploads\/2022\/03\/Sandra.png\" alt=\"Argonauta Sandra Pereira Tosta. Pesquisadora da Rede Argonautas - Rede de Pesquisadores em Antropologia e Educa\u00e7\u00e3o\" class=\"wp-image-234\" style=\"width:218px;height:223px\" srcset=\"https:\/\/redeargonautas.com.br\/wp-content\/uploads\/2022\/03\/Sandra.png 871w, https:\/\/redeargonautas.com.br\/wp-content\/uploads\/2022\/03\/Sandra-293x300.png 293w, https:\/\/redeargonautas.com.br\/wp-content\/uploads\/2022\/03\/Sandra-768x786.png 768w\" sizes=\"auto, (max-width: 871px) 100vw, 871px\" \/><\/a><figcaption class=\"wp-element-caption\">Sandra Pereira Tosta<\/figcaption><\/figure>\n<\/div><\/div>\n\n\n\n<div class=\"wp-block-column is-layout-flow wp-block-column-is-layout-flow\"><div class=\"wp-block-image\">\n<figure class=\"aligncenter size-full is-resized\"><a href=\"https:\/\/redeargonautas.com.br\/index.php\/pesquisadores\/neusa-gusmao\/\"><img loading=\"lazy\" decoding=\"async\" width=\"871\" height=\"901\" src=\"https:\/\/redeargonautas.com.br\/wp-content\/uploads\/2022\/03\/Neusa-1.png\" alt=\"Professora Doutora Neusa Maria Mendes de Gusm\u00e3o. Rede Argonautas - Rede de Pesquisadores em Antropologia e Educa\u00e7\u00e3o\" class=\"wp-image-415\" style=\"width:218px;height:225px\" srcset=\"https:\/\/redeargonautas.com.br\/wp-content\/uploads\/2022\/03\/Neusa-1.png 871w, https:\/\/redeargonautas.com.br\/wp-content\/uploads\/2022\/03\/Neusa-1-290x300.png 290w, https:\/\/redeargonautas.com.br\/wp-content\/uploads\/2022\/03\/Neusa-1-768x794.png 768w\" sizes=\"auto, (max-width: 871px) 100vw, 871px\" \/><\/a><figcaption class=\"wp-element-caption\">Neusa Maria Mendes de Gusm\u00e3o<\/figcaption><\/figure>\n<\/div><\/div>\n<\/div>\n\n\n\n<div class=\"wp-block-columns is-layout-flex wp-container-core-columns-is-layout-9d6595d7 wp-block-columns-is-layout-flex\">\n<div class=\"wp-block-column is-layout-flow wp-block-column-is-layout-flow\"><div class=\"wp-block-image\">\n<figure class=\"aligncenter size-full is-resized\"><a href=\"https:\/\/redeargonautas.com.br\/index.php\/pesquisadores\/gilmar-rocha\/\"><img loading=\"lazy\" decoding=\"async\" width=\"871\" height=\"891\" src=\"https:\/\/redeargonautas.com.br\/wp-content\/uploads\/2022\/03\/GIlmar.png\" alt=\"Argonauta Gilmar Rocha. Pesquisador da Rede Argonautas - Rede de Pesquisadores em Antropologia e Educa\u00e7\u00e3o\" class=\"wp-image-231\" style=\"width:218px;height:223px\" srcset=\"https:\/\/redeargonautas.com.br\/wp-content\/uploads\/2022\/03\/GIlmar.png 871w, https:\/\/redeargonautas.com.br\/wp-content\/uploads\/2022\/03\/GIlmar-293x300.png 293w, https:\/\/redeargonautas.com.br\/wp-content\/uploads\/2022\/03\/GIlmar-768x786.png 768w\" sizes=\"auto, (max-width: 871px) 100vw, 871px\" \/><\/a><figcaption class=\"wp-element-caption\">Gilmar Rocha<\/figcaption><\/figure>\n<\/div><\/div>\n\n\n\n<div class=\"wp-block-column is-layout-flow wp-block-column-is-layout-flow\"><div class=\"wp-block-image\">\n<figure class=\"aligncenter size-full is-resized\"><a href=\"https:\/\/redeargonautas.com.br\/index.php\/pesquisadores\/anderson-tibau\/\"><img loading=\"lazy\" decoding=\"async\" width=\"871\" height=\"901\" src=\"https:\/\/redeargonautas.com.br\/wp-content\/uploads\/2022\/03\/Anderson.png\" alt=\"Argonauta Anderson Tibau. Pesquisador da Rede Argonautas - Rede de Pesquisadores em Antropologia e Educa\u00e7\u00e3o\" class=\"wp-image-227\" style=\"width:218px;height:225px\" srcset=\"https:\/\/redeargonautas.com.br\/wp-content\/uploads\/2022\/03\/Anderson.png 871w, https:\/\/redeargonautas.com.br\/wp-content\/uploads\/2022\/03\/Anderson-290x300.png 290w, https:\/\/redeargonautas.com.br\/wp-content\/uploads\/2022\/03\/Anderson-768x794.png 768w\" sizes=\"auto, (max-width: 871px) 100vw, 871px\" \/><\/a><figcaption class=\"wp-element-caption\">Anderson Tibau<\/figcaption><\/figure>\n<\/div><\/div>\n<\/div>\n\n\n\n<div class=\"wp-block-columns is-layout-flex wp-container-core-columns-is-layout-9d6595d7 wp-block-columns-is-layout-flex\">\n<div class=\"wp-block-column is-layout-flow wp-block-column-is-layout-flow\"><div class=\"wp-block-image\">\n<figure class=\"aligncenter size-full is-resized\"><a href=\"https:\/\/redeargonautas.com.br\/index.php\/pesquisadores\/tatiana-arnaud-cipiniuk\/\"><img loading=\"lazy\" decoding=\"async\" width=\"871\" height=\"901\" src=\"https:\/\/redeargonautas.com.br\/wp-content\/uploads\/2022\/03\/Tatiana.png\" alt=\"Argonauta Tatiana Arnaud Cipiniuk. Pesquisadora da Rede Argonautas - Rede de Pesquisadores em Antropologia e Educa\u00e7\u00e3o\" class=\"wp-image-236\" style=\"width:218px;height:225px\" srcset=\"https:\/\/redeargonautas.com.br\/wp-content\/uploads\/2022\/03\/Tatiana.png 871w, https:\/\/redeargonautas.com.br\/wp-content\/uploads\/2022\/03\/Tatiana-290x300.png 290w, https:\/\/redeargonautas.com.br\/wp-content\/uploads\/2022\/03\/Tatiana-768x794.png 768w\" sizes=\"auto, (max-width: 871px) 100vw, 871px\" \/><\/a><figcaption class=\"wp-element-caption\">Tatiana Arnaud Cipiniuk<\/figcaption><\/figure>\n<\/div><\/div>\n\n\n\n<div class=\"wp-block-column is-layout-flow wp-block-column-is-layout-flow\"><div class=\"wp-block-image\">\n<figure class=\"aligncenter size-full is-resized\"><a href=\"https:\/\/redeargonautas.com.br\/index.php\/pesquisadores\/weslei-lopes\/\"><img loading=\"lazy\" decoding=\"async\" width=\"871\" height=\"901\" src=\"https:\/\/redeargonautas.com.br\/wp-content\/uploads\/2022\/03\/Weslei.png\" alt=\"Argonauta Weslei Lopes. Pesquisador da Rede Argonautas - Rede de Pesquisadores em Antropologia e Educa\u00e7\u00e3o\" class=\"wp-image-237\" style=\"width:218px;height:225px\" srcset=\"https:\/\/redeargonautas.com.br\/wp-content\/uploads\/2022\/03\/Weslei.png 871w, https:\/\/redeargonautas.com.br\/wp-content\/uploads\/2022\/03\/Weslei-290x300.png 290w, https:\/\/redeargonautas.com.br\/wp-content\/uploads\/2022\/03\/Weslei-768x794.png 768w\" sizes=\"auto, (max-width: 871px) 100vw, 871px\" \/><\/a><figcaption class=\"wp-element-caption\">Weslei Lopes<\/figcaption><\/figure>\n<\/div><\/div>\n<\/div>\n\n\n\n<div class=\"wp-block-columns is-layout-flex wp-container-core-columns-is-layout-9d6595d7 wp-block-columns-is-layout-flex\">\n<div class=\"wp-block-column is-layout-flow wp-block-column-is-layout-flow\"><div class=\"wp-block-image\">\n<figure class=\"aligncenter size-full is-resized\"><a href=\"https:\/\/redeargonautas.com.br\/index.php\/pesquisadores\/gilbert-daniel\/\"><img loading=\"lazy\" decoding=\"async\" width=\"871\" height=\"901\" src=\"https:\/\/redeargonautas.com.br\/wp-content\/uploads\/2022\/03\/Gilbert.png\" alt=\"Argonauta Gilbert Daniel. Pesquisador da Rede Argonautas - Rede de Pesquisadores em Antropologia e Educa\u00e7\u00e3o\" class=\"wp-image-230\" style=\"width:218px;height:225px\" srcset=\"https:\/\/redeargonautas.com.br\/wp-content\/uploads\/2022\/03\/Gilbert.png 871w, https:\/\/redeargonautas.com.br\/wp-content\/uploads\/2022\/03\/Gilbert-290x300.png 290w, https:\/\/redeargonautas.com.br\/wp-content\/uploads\/2022\/03\/Gilbert-768x794.png 768w\" sizes=\"auto, (max-width: 871px) 100vw, 871px\" \/><\/a><figcaption class=\"wp-element-caption\">Gilbert Daniel<\/figcaption><\/figure>\n<\/div><\/div>\n\n\n\n<div class=\"wp-block-column is-layout-flow wp-block-column-is-layout-flow\"><div class=\"wp-block-image\">\n<figure class=\"aligncenter size-full is-resized\"><a href=\"https:\/\/redeargonautas.com.br\/index.php\/pesquisadores\/lucas-eustaquio\/\"><img loading=\"lazy\" decoding=\"async\" width=\"871\" height=\"901\" src=\"https:\/\/redeargonautas.com.br\/wp-content\/uploads\/2022\/03\/Lucas2.png\" alt=\"Argonauta Lucas Eust\u00e1quio. Pesquisador da Rede Argonautas\" class=\"wp-image-806\" style=\"width:218px;height:225px\" srcset=\"https:\/\/redeargonautas.com.br\/wp-content\/uploads\/2022\/03\/Lucas2.png 871w, https:\/\/redeargonautas.com.br\/wp-content\/uploads\/2022\/03\/Lucas2-290x300.png 290w, https:\/\/redeargonautas.com.br\/wp-content\/uploads\/2022\/03\/Lucas2-768x794.png 768w\" sizes=\"auto, (max-width: 871px) 100vw, 871px\" \/><\/a><figcaption class=\"wp-element-caption\">Lucas Eust\u00e1quio <\/figcaption><\/figure>\n<\/div><\/div>\n<\/div>\n\n\n\n<div class=\"wp-block-columns is-layout-flex wp-container-core-columns-is-layout-9d6595d7 wp-block-columns-is-layout-flex\">\n<div class=\"wp-block-column is-layout-flow wp-block-column-is-layout-flow\" style=\"flex-basis:100%\">\n<div class=\"wp-block-columns is-layout-flex wp-container-core-columns-is-layout-9d6595d7 wp-block-columns-is-layout-flex\">\n<div class=\"wp-block-column is-layout-flow wp-block-column-is-layout-flow\"><div class=\"wp-block-image\">\n<figure class=\"aligncenter size-medium is-resized\"><a href=\"https:\/\/redeargonautas.com.br\/index.php\/pesquisadores\/adriana-russi\/\"><img loading=\"lazy\" decoding=\"async\" width=\"290\" height=\"300\" src=\"https:\/\/redeargonautas.com.br\/wp-content\/uploads\/2022\/11\/Adriana-290x300.png\" alt=\"\" class=\"wp-image-970\" style=\"width:218px;height:225px\" srcset=\"https:\/\/redeargonautas.com.br\/wp-content\/uploads\/2022\/11\/Adriana-290x300.png 290w, https:\/\/redeargonautas.com.br\/wp-content\/uploads\/2022\/11\/Adriana-768x794.png 768w, https:\/\/redeargonautas.com.br\/wp-content\/uploads\/2022\/11\/Adriana.png 871w\" sizes=\"auto, (max-width: 290px) 100vw, 290px\" \/><\/a><figcaption class=\"wp-element-caption\">Adriana Russi<\/figcaption><\/figure>\n<\/div><\/div>\n\n\n\n<div class=\"wp-block-column is-layout-flow wp-block-column-is-layout-flow\"><div class=\"wp-block-image\">\n<figure class=\"aligncenter size-full is-resized\"><a href=\"https:\/\/redeargonautas.com.br\/index.php\/pesquisadores\/silvia-michele-lopes\/\"><img loading=\"lazy\" decoding=\"async\" width=\"324\" height=\"322\" src=\"https:\/\/redeargonautas.com.br\/wp-content\/uploads\/2023\/03\/Apresentacao1-removebg-preview-1.png\" alt=\"\" class=\"wp-image-1360\" style=\"width:231px;height:229px\" srcset=\"https:\/\/redeargonautas.com.br\/wp-content\/uploads\/2023\/03\/Apresentacao1-removebg-preview-1.png 324w, https:\/\/redeargonautas.com.br\/wp-content\/uploads\/2023\/03\/Apresentacao1-removebg-preview-1-300x298.png 300w, https:\/\/redeargonautas.com.br\/wp-content\/uploads\/2023\/03\/Apresentacao1-removebg-preview-1-150x150.png 150w\" sizes=\"auto, (max-width: 324px) 100vw, 324px\" \/><\/a><figcaption class=\"wp-element-caption\"><a href=\"https:\/\/redeargonautas.com.br\/index.php\/pesquisadores\/silvia-michele-lopes\/\"><\/a>S\u00edlvia Michele Lopes Macedo<\/figcaption><\/figure>\n<\/div><\/div>\n<\/div>\n\n\n\n<div class=\"wp-block-columns is-layout-flex wp-container-core-columns-is-layout-9d6595d7 wp-block-columns-is-layout-flex\">\n<div class=\"wp-block-column is-vertically-aligned-top is-layout-flow wp-block-column-is-layout-flow\"><div class=\"wp-block-image\">\n<figure class=\"aligncenter size-full is-resized\"><a href=\"https:\/\/redeargonautas.com.br\/index.php\/pesquisadores\/maritza-diaz-baron\/\"><img loading=\"lazy\" decoding=\"async\" width=\"701\" height=\"720\" src=\"https:\/\/redeargonautas.com.br\/wp-content\/uploads\/2023\/02\/Apresentacao1-3.png\" alt=\"\" class=\"wp-image-1070\" style=\"width:250px;height:258px\" srcset=\"https:\/\/redeargonautas.com.br\/wp-content\/uploads\/2023\/02\/Apresentacao1-3.png 701w, https:\/\/redeargonautas.com.br\/wp-content\/uploads\/2023\/02\/Apresentacao1-3-292x300.png 292w\" sizes=\"auto, (max-width: 701px) 100vw, 701px\" \/><\/a><figcaption class=\"wp-element-caption\">Maritza D\u00edaz Bar\u00f3n<\/figcaption><\/figure>\n<\/div>\n\n<div class=\"wp-block-image is-style-rounded\">\n<figure class=\"aligncenter size-full is-resized\"><a href=\"https:\/\/redeargonautas.com.br\/index.php\/pesquisadores\/raimundo-nonato-ferreira-do-nascimento\/\"><img loading=\"lazy\" decoding=\"async\" width=\"366\" height=\"338\" src=\"https:\/\/redeargonautas.com.br\/wp-content\/uploads\/2024\/01\/IMG-20231012-WA00713.jpg\" alt=\"\" class=\"wp-image-1765\" style=\"width:250px;height:258px\" srcset=\"https:\/\/redeargonautas.com.br\/wp-content\/uploads\/2024\/01\/IMG-20231012-WA00713.jpg 366w, https:\/\/redeargonautas.com.br\/wp-content\/uploads\/2024\/01\/IMG-20231012-WA00713-300x277.jpg 300w\" sizes=\"auto, (max-width: 366px) 100vw, 366px\" \/><\/a><figcaption class=\"wp-element-caption\">Raimundo Nonato Ferreira do Nascimento<\/figcaption><\/figure>\n<\/div><\/div>\n\n\n\n<div class=\"wp-block-column is-layout-flow wp-block-column-is-layout-flow\"><div class=\"wp-block-image\">\n<figure class=\"aligncenter size-full is-resized\"><a href=\"https:\/\/redeargonautas.com.br\/index.php\/pesquisadores\/cesar-ferreira\/\"><img loading=\"lazy\" decoding=\"async\" width=\"498\" height=\"501\" src=\"https:\/\/redeargonautas.com.br\/wp-content\/uploads\/2023\/02\/Apresentacao4-removebg-preview-1.png\" alt=\"\" class=\"wp-image-1095\" style=\"width:251px;height:252px\" srcset=\"https:\/\/redeargonautas.com.br\/wp-content\/uploads\/2023\/02\/Apresentacao4-removebg-preview-1.png 498w, https:\/\/redeargonautas.com.br\/wp-content\/uploads\/2023\/02\/Apresentacao4-removebg-preview-1-298x300.png 298w, https:\/\/redeargonautas.com.br\/wp-content\/uploads\/2023\/02\/Apresentacao4-removebg-preview-1-150x150.png 150w\" sizes=\"auto, (max-width: 498px) 100vw, 498px\" \/><\/a><figcaption class=\"wp-element-caption\">C\u00e9sar Ferreira da Silva<\/figcaption><\/figure>\n<\/div>\n\n<div class=\"wp-block-image\">\n<figure class=\"aligncenter size-full is-resized\"><a href=\"https:\/\/redeargonautas.com.br\/index.php\/pesquisadores\/mauricio-caviedes\/\"><img loading=\"lazy\" decoding=\"async\" width=\"319\" height=\"315\" src=\"https:\/\/redeargonautas.com.br\/wp-content\/uploads\/2024\/10\/mauricio.png\" alt=\"\" class=\"wp-image-1839\" style=\"width:269px;height:auto\" srcset=\"https:\/\/redeargonautas.com.br\/wp-content\/uploads\/2024\/10\/mauricio.png 319w, https:\/\/redeargonautas.com.br\/wp-content\/uploads\/2024\/10\/mauricio-300x296.png 300w\" sizes=\"auto, (max-width: 319px) 100vw, 319px\" \/><\/a><figcaption class=\"wp-element-caption\">Mauricio Caviedes<\/figcaption><\/figure>\n<\/div>\n\n\n<p><\/p>\n<\/div>\n<\/div>\n\n\n\n<div class=\"wp-block-columns is-layout-flex wp-container-core-columns-is-layout-9d6595d7 wp-block-columns-is-layout-flex\">\n<div class=\"wp-block-column is-layout-flow wp-block-column-is-layout-flow\"><\/div>\n<\/div>\n<\/div>\n<\/div>\n\n\n\n<h5 class=\"wp-block-heading has-text-align-center\"><strong><a href=\"http:\/\/dgp.cnpq.br\/dgp\/espelhogrupo\/748695\" target=\"_blank\" rel=\"noreferrer noopener\">Grupo de pesquisa Argonautas no CNPq<\/a><\/strong><\/h5>\n","protected":false},"excerpt":{"rendered":"<p>Grupo de pesquisa Argonautas no CNPq<\/p>\n","protected":false},"author":1,"featured_media":0,"parent":0,"menu_order":0,"comment_status":"closed","ping_status":"closed","template":"","meta":{"om_disable_all_campaigns":false,"_monsterinsights_skip_tracking":false,"_monsterinsights_sitenote_active":false,"_monsterinsights_sitenote_note":"","_monsterinsights_sitenote_category":0,"_EventAllDay":false,"_EventTimezone":"","_EventStartDate":"","_EventEndDate":"","_EventStartDateUTC":"","_EventEndDateUTC":"","_EventShowMap":false,"_EventShowMapLink":false,"_EventURL":"","_EventCost":"","_EventCostDescription":"","_EventCurrencySymbol":"","_EventCurrencyCode":"","_EventCurrencyPosition":"","_EventDateTimeSeparator":"","_EventTimeRangeSeparator":"","_EventOrganizerID":[],"_EventVenueID":[],"_OrganizerEmail":"","_OrganizerPhone":"","_OrganizerWebsite":"","_VenueAddress":"","_VenueCity":"","_VenueCountry":"","_VenueProvince":"","_VenueState":"","_VenueZip":"","_VenuePhone":"","_VenueURL":"","_VenueStateProvince":"","_VenueLat":"","_VenueLng":"","_VenueShowMap":false,"_VenueShowMapLink":false,"footnotes":""},"class_list":["post-46","page","type-page","status-publish","hentry"],"aioseo_notices":[],"_links":{"self":[{"href":"https:\/\/redeargonautas.com.br\/index.php\/wp-json\/wp\/v2\/pages\/46","targetHints":{"allow":["GET"]}}],"collection":[{"href":"https:\/\/redeargonautas.com.br\/index.php\/wp-json\/wp\/v2\/pages"}],"about":[{"href":"https:\/\/redeargonautas.com.br\/index.php\/wp-json\/wp\/v2\/types\/page"}],"author":[{"embeddable":true,"href":"https:\/\/redeargonautas.com.br\/index.php\/wp-json\/wp\/v2\/users\/1"}],"replies":[{"embeddable":true,"href":"https:\/\/redeargonautas.com.br\/index.php\/wp-json\/wp\/v2\/comments?post=46"}],"version-history":[{"count":63,"href":"https:\/\/redeargonautas.com.br\/index.php\/wp-json\/wp\/v2\/pages\/46\/revisions"}],"predecessor-version":[{"id":1965,"href":"https:\/\/redeargonautas.com.br\/index.php\/wp-json\/wp\/v2\/pages\/46\/revisions\/1965"}],"wp:attachment":[{"href":"https:\/\/redeargonautas.com.br\/index.php\/wp-json\/wp\/v2\/media?parent=46"}],"curies":[{"name":"wp","href":"https:\/\/api.w.org\/{rel}","templated":true}]}}