{"id":5,"date":"2021-10-22T11:07:08","date_gmt":"2021-10-22T14:07:08","guid":{"rendered":"https:\/\/redeargonautas.com.br\/?page_id=5"},"modified":"2026-02-01T13:40:36","modified_gmt":"2026-02-01T16:40:36","slug":"crie-seu-site-com-blocos","status":"publish","type":"page","link":"https:\/\/redeargonautas.com.br\/","title":{"rendered":"Rede Argonautas"},"content":{"rendered":"\n<p class=\"has-text-align-center\"><\/p>\n\n\n\n\n\n\n<p class=\"has-text-align-center has-small-font-size\"><em>Dos \u00e1lbuns de fotos de expedi\u00e7\u00f5es \u00e0 Patag\u00f4nia argentina no in\u00edcio de S\u00e9culo XX ao muralismo Maya de 300-900 d.C. no M\u00e9xico, passando pelo detalhe de uma praia caribenha, a luz escrita revela entre natureza e cultura, cores e texturas de variados universos, ancestrais e contempor\u00e2neos, nativos e urbanos, da nossa Am\u00e9rica Latina. As fotografias foram feitas entre os anos de 2006 e 2012 em viagens pelo Brasil, Argentina, Uruguai, Chile, Paraguai, Equador, Col\u00f4mbia, Rep\u00fablica Dominicana, Cuba e M\u00e9xico.<\/em><\/p>\n\n\n\n<div class=\"wp-block-columns is-layout-flex wp-container-core-columns-is-layout-9d6595d7 wp-block-columns-is-layout-flex\">\n<div class=\"wp-block-column is-layout-flow wp-block-column-is-layout-flow\">\n<p class=\"has-drop-cap has-small-font-size\">A <a href=\"https:\/\/redeargonautas.com.br\/index.php\/sobre\/\" title=\"\">Rede Argonautas de Pesquisadores em Antropologia e Educa\u00e7\u00e3o<\/a> \u00e9 uma constru\u00e7\u00e3o de antrop\u00f3logos que buscam conceber a Antropologia e a Educa\u00e7\u00e3o como campos de conhecimento em di\u00e1logo no mundo. Objetiva estabelecer trocas acad\u00eamicas com pesquisadores do Brasil e de outros pa\u00edses, bem como agregar resultados de pesquisas, divulgar publica\u00e7\u00f5es e eventos relativos ao tema e indicar links, entre outros suportes tecnol\u00f3gicos que permitam visibilizar nossos saberes e fazeres com sabor e arte. O interesse maior \u00e9 o de possibilitar di\u00e1logos em profundidade que permitam consolidar a interface Antropologia e Educa\u00e7\u00e3o, em termos de campos propositivos, compreensivos e cr\u00edticos.<\/p>\n\n\n\n<p class=\"has-small-font-size\">H\u00e1 cem anos Bronislaw Malinowski se inspiraria na Argon\u00e1utica, de Apol\u00f4nio de Rodes, para nos inspirar com inquieta\u00e7\u00e3o e uma provoca\u00e7\u00e3o: \u201ccirkular \u00e9 preciso\u201d! N\u00e3o temos d\u00favida que um outro leitor em Pessoa, um navegante moderno portugu\u00eas, ratificaria: navegar \u00e9 preciso! Afinal, navegar \u00e9 uma a\u00e7\u00e3o, um ato de coragem, um risco. E viver sem coragem, sem arriscar-se, sem sonhar, sem partilhar, enfim, sem trocar experi\u00eancias n\u00e3o \u00e9 preciso. E Argonautas fazem e se prop\u00f5em a fazer, trocar experi\u00eancias, navegar, sonhar, arriscar-se. Como tamb\u00e9m j\u00e1 o disse Rosa, outro viajante das Gerais: viver \u00e9 um risco!&nbsp;<\/p>\n\n\n\n<p class=\"has-small-font-size\">Convidamos todas as pessoas a dialogar conosco! Uma antropologia que se pretende ou se prop\u00f5e menos a ensinar e mais a aprender. Sugerimos que os estudos antropol\u00f3gicos como \u201cuma forma de viver junto com os outros, \u00e9 inteiramente educacional\u201d.<\/p>\n<\/div>\n<\/div>\n\n\n\n<p><\/p>\n\n\n\n<div class=\"wp-block-columns are-vertically-aligned-top is-layout-flex wp-container-core-columns-is-layout-9d6595d7 wp-block-columns-is-layout-flex\">\n<div class=\"wp-block-column is-vertically-aligned-top is-layout-flow wp-block-column-is-layout-flow\">\n<h4 class=\"wp-block-heading\"><a href=\"https:\/\/redeargonautas.com.br\/index.php\/pesquisadores\/\">Argonautas<\/a><\/h4>\n\n\n\n<p class=\"has-small-font-size\">Apresenta\u00e7\u00e3o da vida e obra daqueles que fazem, com liberdade, paix\u00e3o e pertencimento, a Rede Argonautas navegar.<\/p>\n<\/div>\n\n\n\n<div class=\"wp-block-column is-vertically-aligned-top is-layout-flow wp-block-column-is-layout-flow\">\n<h4 class=\"wp-block-heading\"><a href=\"https:\/\/redeargonautas.com.br\/index.php\/ensaios\/\" title=\"Ensaios\">Ensaios<\/a><\/h4>\n\n\n\n<p class=\"has-small-font-size\">Espa\u00e7o de ideia, opini\u00e3o, reflex\u00e3o e cr\u00edtica por meio da livre-troca e do livre-pensar, seja pelas linguagens escrita ou imag\u00e9tica. <\/p>\n<\/div>\n<\/div>\n\n\n\n<div class=\"wp-block-columns alignwide is-layout-flex wp-container-core-columns-is-layout-9d6595d7 wp-block-columns-is-layout-flex\">\n<div class=\"wp-block-column is-layout-flow wp-block-column-is-layout-flow\">\n<h4 class=\"wp-block-heading\"><a href=\"https:\/\/redeargonautas.com.br\/index.php\/acontece-na-rede\/\" title=\"Ensaios\">T\u00e1 na rede<\/a><\/h4>\n\n\n\n<p class=\"has-text-align-left has-small-font-size\">Dicas de filmes, v\u00eddeos ou document\u00e1rios etnogr\u00e1ficos que enrique\u00e7am os debates sobre antropologia e educa\u00e7\u00e3o.<\/p>\n<\/div>\n\n\n\n<div class=\"wp-block-column is-layout-flow wp-block-column-is-layout-flow\">\n<h4 class=\"wp-block-heading\"><a href=\"https:\/\/redeargonautas.com.br\/index.php\/conexoes\/\" title=\"\">Conex\u00f5es<\/a><\/h4>\n\n\n\n<p class=\"has-small-font-size\">Acervo dos semin\u00e1rios &#8220;Navegando nas Fronteiras da Antropologia e Educa\u00e7\u00e3o&#8221; realizados pela Rede Argonautas.<\/p>\n<\/div>\n\n\n\n<div class=\"wp-block-column is-layout-flow wp-block-column-is-layout-flow\">\n<h4 class=\"wp-block-heading\"><a href=\"https:\/\/redeargonautas.com.br\/index.php\/youtube\/\" title=\"\">YouTube<\/a><\/h4>\n\n\n\n<p class=\"has-small-font-size\">Em conex\u00e3o com o nosso canal do YouTube, aqui s\u00e3o encantradas aulas, mesas, lives, debates, grupos de trabalho, etc, que contam com a participa\u00e7\u00e3o de pesquisadores da Rede Argonautas.<\/p>\n<\/div>\n<\/div>\n\n\n\n<p class=\"has-text-align-center has-accent-color has-text-color has-normal-font-size\" style=\"font-style:italic;font-weight:400\">&#8220;Sou um homem de causas. Vivi sempre pregando, lutando, como um cruzado, pelas causas que comovem. Elas s\u00e3o muitas demais: a salva\u00e7\u00e3o dos \u00edndios, a escolariza\u00e7\u00e3o das crian\u00e7as, a reforma agr\u00e1ria, o socialismo em liberdade, a universidade necess\u00e1ria. Na verdade somei mais fracassos que vit\u00f3rias em minhas lutas, mas isso n\u00e3o importa. Horr\u00edvel seria ter ficado ao lado dos que nos venceram nessas batalhas.&#8221; Darcy Ribeiro<\/p>\n\n\n\n<p><\/p>\n\n\n\n<p class=\"has-text-align-center\">apoio <\/p>\n\n\n<div class=\"wp-block-image\">\n<figure class=\"aligncenter size-large\"><img loading=\"lazy\" decoding=\"async\" width=\"1024\" height=\"117\" src=\"https:\/\/redeargonautas.com.br\/wp-content\/uploads\/2022\/03\/barra-de-logos-1-1024x117.jpg\" alt=\"\" class=\"wp-image-796\" srcset=\"https:\/\/redeargonautas.com.br\/wp-content\/uploads\/2022\/03\/barra-de-logos-1-1024x117.jpg 1024w, https:\/\/redeargonautas.com.br\/wp-content\/uploads\/2022\/03\/barra-de-logos-1-300x34.jpg 300w, https:\/\/redeargonautas.com.br\/wp-content\/uploads\/2022\/03\/barra-de-logos-1-768x88.jpg 768w, https:\/\/redeargonautas.com.br\/wp-content\/uploads\/2022\/03\/barra-de-logos-1-1536x176.jpg 1536w, https:\/\/redeargonautas.com.br\/wp-content\/uploads\/2022\/03\/barra-de-logos-1-1200x138.jpg 1200w, https:\/\/redeargonautas.com.br\/wp-content\/uploads\/2022\/03\/barra-de-logos-1.jpg 1735w\" sizes=\"auto, (max-width: 1024px) 100vw, 1024px\" \/><\/figure>\n<\/div>\n\n\n<p><\/p>\n","protected":false},"excerpt":{"rendered":"<p>Dos \u00e1lbuns de fotos de expedi\u00e7\u00f5es \u00e0 Patag\u00f4nia argentina no in\u00edcio de S\u00e9culo XX ao muralismo Maya de 300-900 d.C. no M\u00e9xico, passando pelo detalhe de uma praia caribenha, a [&hellip;]<\/p>\n","protected":false},"author":5,"featured_media":0,"parent":0,"menu_order":0,"comment_status":"closed","ping_status":"closed","template":"templates\/template-full-width.php","meta":{"om_disable_all_campaigns":false,"_monsterinsights_skip_tracking":false,"_monsterinsights_sitenote_active":false,"_monsterinsights_sitenote_note":"","_monsterinsights_sitenote_category":0,"_EventAllDay":false,"_EventTimezone":"","_EventStartDate":"","_EventEndDate":"","_EventStartDateUTC":"","_EventEndDateUTC":"","_EventShowMap":false,"_EventShowMapLink":false,"_EventURL":"","_EventCost":"","_EventCostDescription":"","_EventCurrencySymbol":"","_EventCurrencyCode":"","_EventCurrencyPosition":"","_EventDateTimeSeparator":"","_EventTimeRangeSeparator":"","_EventOrganizerID":[],"_EventVenueID":[],"_OrganizerEmail":"","_OrganizerPhone":"","_OrganizerWebsite":"","_VenueAddress":"","_VenueCity":"","_VenueCountry":"","_VenueProvince":"","_VenueState":"","_VenueZip":"","_VenuePhone":"","_VenueURL":"","_VenueStateProvince":"","_VenueLat":"","_VenueLng":"","_VenueShowMap":false,"_VenueShowMapLink":false,"footnotes":""},"class_list":["post-5","page","type-page","status-publish","hentry"],"aioseo_notices":[],"_links":{"self":[{"href":"https:\/\/redeargonautas.com.br\/index.php\/wp-json\/wp\/v2\/pages\/5","targetHints":{"allow":["GET"]}}],"collection":[{"href":"https:\/\/redeargonautas.com.br\/index.php\/wp-json\/wp\/v2\/pages"}],"about":[{"href":"https:\/\/redeargonautas.com.br\/index.php\/wp-json\/wp\/v2\/types\/page"}],"author":[{"embeddable":true,"href":"https:\/\/redeargonautas.com.br\/index.php\/wp-json\/wp\/v2\/users\/5"}],"replies":[{"embeddable":true,"href":"https:\/\/redeargonautas.com.br\/index.php\/wp-json\/wp\/v2\/comments?post=5"}],"version-history":[{"count":169,"href":"https:\/\/redeargonautas.com.br\/index.php\/wp-json\/wp\/v2\/pages\/5\/revisions"}],"predecessor-version":[{"id":1964,"href":"https:\/\/redeargonautas.com.br\/index.php\/wp-json\/wp\/v2\/pages\/5\/revisions\/1964"}],"wp:attachment":[{"href":"https:\/\/redeargonautas.com.br\/index.php\/wp-json\/wp\/v2\/media?parent=5"}],"curies":[{"name":"wp","href":"https:\/\/api.w.org\/{rel}","templated":true}]}}