{"id":95,"date":"2021-11-12T14:48:48","date_gmt":"2021-11-12T17:48:48","guid":{"rendered":"https:\/\/redeargonautas.com.br\/?page_id=95"},"modified":"2021-11-12T14:48:48","modified_gmt":"2021-11-12T17:48:48","slug":"em-breve","status":"publish","type":"page","link":"https:\/\/redeargonautas.com.br\/index.php\/em-breve\/","title":{"rendered":"Em breve"},"content":{"rendered":"<div id=\"sp-page\" class=\"spBgcover sp-content-4\" style=\"background-color: rgb(255, 255, 255); font-family: 'Helvetica Neue', Arial, sans-serif; font-weight: 400;\">\n<section id=\"sp-ks8a8s\" class=\"sp-el-section \" style=\"width: 600px; max-width: 100%; padding: 10px;\">\n<div id=\"sp-vw3kvy\" class=\"sp-el-row sm:sp-flex sp-justify-between sp-w-full  sp-m-auto\" style=\"padding: 0px; width: auto; max-width: 1000px;\">\n<div id=\"sp-ggzp6w\" class=\"sp-el-col sp-p-4  sp-w-full\" style=\"width: calc(100% + 0px); padding: 10px;\">\n<figure id=\"sp-brhhwi\" class=\"sp-image-wrapper\" style=\"margin-top: 0px; padding: 10px; text-align: center;\"><span><img decoding=\"async\" src=\"https:\/\/assets.seedprod.com\/clock.png\" alt=\"\" data-mobile-visibility=\".sp-image-block-brhhwi|false\" data-desktop-visibility=\".sp-image-block-brhhwi|false\" class=\"sp-image-block-brhhwi\"><\/span><\/figure>\n<h1 id=\"sp-jkhbii\" data-mobile-css=\"\" data-mobile-visibility=\".sp-headline-block-jkhbii|false\" data-desktop-visibility=\".sp-headline-block-jkhbii|false\" class=\"sp-css-target sp-headline-block-jkhbii\" style=\"font-size: 52px; font-weight: bold; color: rgb(50, 27, 38); text-align: center; padding: 10px; margin-top: 0px;\">Aguarde!<\/h1>\n<div id=\"sp-jdj1i9\" data-mobile-css=\"\" data-mobile-visibility=\".sp-text-wrapper-jdj1i9|false\" data-desktop-visibility=\".sp-text-wrapper-jdj1i9|false\" class=\"sp-css-target sp-text-wrapper sp-text-wrapper-jdj1i9\" style=\"font-size: 31px; color: rgb(50, 27, 38); padding: 10px; margin-top: 0px; text-align: center;\">\n<p>O site da Rede Argotauas vem a\u00ed!<\/p>\n<\/div>\n<h4 id=\"sp-hlnyyo\" data-mobile-css=\"\" data-mobile-visibility=\".sp-headline-block-hlnyyo|false\" data-desktop-visibility=\".sp-headline-block-hlnyyo|false\" class=\"sp-css-target sp-headline-block-hlnyyo\" style=\"text-align: center; padding: 10px; margin-top: 0px;\">Rede de pesquisadores em Antropolia e Educa\u00e7\u00e3o<\/h4>\n<\/div>\n<\/div>\n<\/section>\n<\/div>\n","protected":false},"excerpt":{"rendered":"<p>Aguarde! O site da Rede Argotauas vem a\u00ed! Rede de pesquisadores em Antropolia e Educa\u00e7\u00e3o<\/p>\n","protected":false},"author":2,"featured_media":0,"parent":0,"menu_order":0,"comment_status":"closed","ping_status":"closed","template":"","meta":{"om_disable_all_campaigns":false,"_monsterinsights_skip_tracking":false,"_monsterinsights_sitenote_active":false,"_monsterinsights_sitenote_note":"","_monsterinsights_sitenote_category":0,"_EventAllDay":false,"_EventTimezone":"","_EventStartDate":"","_EventEndDate":"","_EventStartDateUTC":"","_EventEndDateUTC":"","_EventShowMap":false,"_EventShowMapLink":false,"_EventURL":"","_EventCost":"","_EventCostDescription":"","_EventCurrencySymbol":"","_EventCurrencyCode":"","_EventCurrencyPosition":"","_EventDateTimeSeparator":"","_EventTimeRangeSeparator":"","_EventOrganizerID":[],"_EventVenueID":[],"_OrganizerEmail":"","_OrganizerPhone":"","_OrganizerWebsite":"","_VenueAddress":"","_VenueCity":"","_VenueCountry":"","_VenueProvince":"","_VenueState":"","_VenueZip":"","_VenuePhone":"","_VenueURL":"","_VenueStateProvince":"","_VenueLat":"","_VenueLng":"","_VenueShowMap":false,"_VenueShowMapLink":false,"footnotes":""},"class_list":["post-95","page","type-page","status-publish","hentry"],"aioseo_notices":[],"_links":{"self":[{"href":"https:\/\/redeargonautas.com.br\/index.php\/wp-json\/wp\/v2\/pages\/95","targetHints":{"allow":["GET"]}}],"collection":[{"href":"https:\/\/redeargonautas.com.br\/index.php\/wp-json\/wp\/v2\/pages"}],"about":[{"href":"https:\/\/redeargonautas.com.br\/index.php\/wp-json\/wp\/v2\/types\/page"}],"author":[{"embeddable":true,"href":"https:\/\/redeargonautas.com.br\/index.php\/wp-json\/wp\/v2\/users\/2"}],"replies":[{"embeddable":true,"href":"https:\/\/redeargonautas.com.br\/index.php\/wp-json\/wp\/v2\/comments?post=95"}],"version-history":[{"count":4,"href":"https:\/\/redeargonautas.com.br\/index.php\/wp-json\/wp\/v2\/pages\/95\/revisions"}],"predecessor-version":[{"id":98,"href":"https:\/\/redeargonautas.com.br\/index.php\/wp-json\/wp\/v2\/pages\/95\/revisions\/98"}],"wp:attachment":[{"href":"https:\/\/redeargonautas.com.br\/index.php\/wp-json\/wp\/v2\/media?parent=95"}],"curies":[{"name":"wp","href":"https:\/\/api.w.org\/{rel}","templated":true}]}}